{"id":1337,"date":"2020-10-14T14:15:15","date_gmt":"2020-10-14T14:15:15","guid":{"rendered":"https:\/\/agoragroupcom.webhosting.be\/info-dagora-group\/"},"modified":"2023-01-23T13:52:46","modified_gmt":"2023-01-23T12:52:46","slug":"a-propos-agora-group","status":"publish","type":"page","link":"https:\/\/www.agoragroup.com\/fr\/a-propos-agora-group\/","title":{"rendered":"A propos"},"content":{"rendered":"\n<div class=\"wp-block-columns alignwide are-vertically-aligned-center\">\n<div class=\"wp-block-column is-vertically-aligned-center anim-section\">\n<figure class=\"wp-block-image size-large\"><img decoding=\"async\" width=\"900\" height=\"600\" src=\"https:\/\/www.agoragroup.com\/wp-content\/uploads\/2021\/04\/AGORA-WEBSITE-IMAGE-FRAME-SPLIT-2021_ABOUT-US-2.jpg\" alt=\"\" class=\"wp-image-4860\" srcset=\"https:\/\/www.agoragroup.com\/wp-content\/uploads\/2021\/04\/AGORA-WEBSITE-IMAGE-FRAME-SPLIT-2021_ABOUT-US-2.jpg 900w, https:\/\/www.agoragroup.com\/wp-content\/uploads\/2021\/04\/AGORA-WEBSITE-IMAGE-FRAME-SPLIT-2021_ABOUT-US-2-600x400.jpg 600w\" sizes=\"(max-width: 900px) 100vw, 900px\" \/><\/figure>\n<\/div>\n\n\n\n<div class=\"wp-block-column is-vertically-aligned-center anim-section\">\n<h1 class=\"wp-block-heading\">A propos du groupe Agora<\/h1>\n\n\n\n<p>L\u2019entreprise Agora est r\u00e9put\u00e9e \u00e0 l\u2019\u00e9chelle internationale pour sa qualit\u00e9: des fleurs coup\u00e9es du jour, des verdures, un large choix de plantes d\u2019int\u00e9rieur et d\u2019ext\u00e9rieur, des articles de base ainsi que les derni\u00e8res tendances en mati\u00e8re de d\u00e9coration.<\/p>\n\n\n\n<p><strong>Chez Agora, les clients sont au c\u0153ur de nos pr\u00e9occupations.&nbsp;<\/strong><\/p>\n\n\n\n<p>Les heures d\u2019ouverture de nos succursales Cash &amp; Carry sont larges, nous organisons r\u00e9guli\u00e8rement des actions promotionnelles, nous transmettons des informations relatives aux produits, nous partageons des id\u00e9es pratiques et nous pouvons vous rencontrer lors de journ\u00e9es portes ouvertes.<\/p>\n\n\n\n<p>Notre engagement est grand, tant envers les clients qu\u2019envers les collaborateurs.<\/p>\n\n\n\n<p>Agora emploie environ 500 personnes et est une vraie entreprise familiale avec des liens \u00e9troits avec nos \u00e9quipes. Chaque maillon dans l\u2019entreprise est important, et tous les collaborateurs mettent un point d\u2019honneur \u00e0 servir et aider les clients au mieux.<\/p>\n\n\n\n<p>Grossiste en fleurs coup\u00e9es fra\u00eeches du jour, fleurs et verdures indig\u00e8nes ou exotiques, class\u00e9es par couleur et par taille.<\/p>\n<\/div>\n<\/div>\n\n\n\n<div class=\"wp-block-columns alignwide page-box-wrapper\">\n<div class=\"wp-block-column\">\n<figure class=\"wp-block-image size-large\"><img decoding=\"async\" width=\"900\" height=\"600\" src=\"https:\/\/www.agoragroup.com\/wp-content\/uploads\/2020\/10\/THUMBNAIL-ARTICLES_FLOWER.png\" alt=\"\" class=\"wp-image-496\" srcset=\"https:\/\/www.agoragroup.com\/wp-content\/uploads\/2020\/10\/THUMBNAIL-ARTICLES_FLOWER.png 900w, https:\/\/www.agoragroup.com\/wp-content\/uploads\/2020\/10\/THUMBNAIL-ARTICLES_FLOWER-600x400.png 600w\" sizes=\"(max-width: 900px) 100vw, 900px\" \/><\/figure>\n\n\n\n<div class=\"wp-block-group page-box\"><div class=\"wp-block-group__inner-container\">\n<h2 class=\"has-green-color has-text-color wp-block-heading\">Vente en gros de fleurs<\/h2>\n\n\n\n<p>Grossiste en fleurs coup\u00e9es fra\u00eeches du jour, fleurs et verdures indigenes ou exotiques, classes par couleur et par taille.<\/p>\n\n\n\n<div class=\"wp-block-buttons\">\n<div class=\"wp-block-button is-style-outline is-style-outline--1\"><a class=\"wp-block-button__link has-green-color has-text-color no-border-radius\" href=\"https:\/\/www.agoragroup.com\/fr\/info-dagora-group\/grossiste-en-fleurs-coupees\/\">En savoir plus<\/a><\/div>\n<\/div>\n<\/div><\/div>\n<\/div>\n\n\n\n<div class=\"wp-block-column\">\n<figure class=\"wp-block-image size-large\"><img decoding=\"async\" width=\"900\" height=\"600\" src=\"https:\/\/www.agoragroup.com\/wp-content\/uploads\/2020\/10\/THUMBNAIL-ARTICLES_PLANT.png\" alt=\"\" class=\"wp-image-499\" srcset=\"https:\/\/www.agoragroup.com\/wp-content\/uploads\/2020\/10\/THUMBNAIL-ARTICLES_PLANT.png 900w, https:\/\/www.agoragroup.com\/wp-content\/uploads\/2020\/10\/THUMBNAIL-ARTICLES_PLANT-600x400.png 600w\" sizes=\"(max-width: 900px) 100vw, 900px\" \/><\/figure>\n\n\n\n<div class=\"wp-block-group page-box\"><div class=\"wp-block-group__inner-container\">\n<h2 class=\"has-green-color has-text-color wp-block-heading\">Vente en gros de plants<\/h2>\n\n\n\n<p>Dans nos cash &amp; carry, nous vous offrons un assortiment \u00e9tendu et actuel de plantes vertes et fleuries visuellement attrayantes, tant pour l\u2019int\u00e9rieur que pour les terrasses et jardins.<\/p>\n\n\n\n<div class=\"wp-block-buttons\">\n<div class=\"wp-block-button is-style-outline is-style-outline--2\"><a class=\"wp-block-button__link has-green-color has-text-color no-border-radius\" href=\"https:\/\/www.agoragroup.com\/fr\/info-dagora-group\/grossiste-de-plantes\/\">En savoir plus<\/a><\/div>\n<\/div>\n<\/div><\/div>\n<\/div>\n\n\n\n<div class=\"wp-block-column\">\n<figure class=\"wp-block-image size-large\"><img decoding=\"async\" width=\"900\" height=\"600\" src=\"https:\/\/www.agoragroup.com\/wp-content\/uploads\/2020\/11\/THUMBNAIL-ARTICLES_ACCESSORIES.png\" alt=\"\" class=\"wp-image-2105\" srcset=\"https:\/\/www.agoragroup.com\/wp-content\/uploads\/2020\/11\/THUMBNAIL-ARTICLES_ACCESSORIES.png 900w, https:\/\/www.agoragroup.com\/wp-content\/uploads\/2020\/11\/THUMBNAIL-ARTICLES_ACCESSORIES-600x400.png 600w\" sizes=\"(max-width: 900px) 100vw, 900px\" \/><\/figure>\n\n\n\n<div class=\"wp-block-group page-box\"><div class=\"wp-block-group__inner-container\">\n<h2 class=\"has-green-color has-text-color wp-block-heading\">Vente en gros d&rsquo;accessoires<\/h2>\n\n\n\n<p>Nous vous proposons les tendances de demain en verrerie, vanerie, c\u00e9ramique et objets de d\u00e9coration.\n<\/p>\n\n\n\n<div class=\"wp-block-buttons\">\n<div class=\"wp-block-button is-style-outline is-style-outline--3\"><a class=\"wp-block-button__link has-green-color has-text-color no-border-radius\" href=\"https:\/\/www.agoragroup.com\/fr\/info-dagora-group\/grossiste-daccessoires\/\">En savoir plus<\/a><\/div>\n<\/div>\n<\/div><\/div>\n<\/div>\n<\/div>\n\n\n\n<div class=\"wp-block-columns alignwide are-vertically-aligned-center shape-bg\">\n<div class=\"wp-block-column is-vertically-aligned-center anim-section\">\n<figure class=\"wp-block-image size-large\"><img decoding=\"async\" width=\"681\" height=\"504\" src=\"https:\/\/www.agoragroup.com\/wp-content\/uploads\/2020\/10\/agora-over-ons-1.jpg\" alt=\"\" class=\"wp-image-514\"\/><\/figure>\n<\/div>\n\n\n\n<div class=\"wp-block-column is-vertically-aligned-center anim-section\">\n<h2 class=\"wp-block-heading\">L\u2019 histoire du Groupe Agora<\/h2>\n\n\n\n<p>Agora \u00e0 \u00e9t\u00e9 fond\u00e9 par Marc et Gerd Van Turnhout-Nagels. C\u2019est en famille et avec l\u2019aide d\u2019une \u00e9quipe dynamique que s\u2019est d\u00e9velopp\u00e9 le centre de gros \u00e0 Kontich en 1981. Agora s\u2019est forg\u00e9 une solide r\u00e9putation tant au niveau national qu\u2019 international. <\/p>\n\n\n\n<p>Une propre \u00e9quipe d\u2019acheteurs vous garantit une qualit\u00e9 et une fra\u00eecheur impeccables. Avec une parfaite connaissance des produits et un grand professionnalisme, ils visent la meilleure qualit\u00e9 et le service optimal. Tous les produits sont soumis \u00e0 un contr\u00f4le pouss\u00e9 avant d\u2019\u00eatre propos\u00e9s \u00e0 la vente. <\/p>\n\n\n\n<p>Aujourd\u2019hui, le groupe poursuit son chemin, guid\u00e9 par les 4 enfants, Ellen, Katrin, Jolien et Nick Van Turnhout, avec autant de passion et d\u2019enthousiasme.<\/p>\n\n\n\n<div class=\"wp-block-buttons\">\n<div class=\"wp-block-button\"><a class=\"wp-block-button__link\" href=\"https:\/\/www.agoragroup.com\/fr\/a-propos-agora-group\/agora-40\/\">D\u00e9couvrez notre histoire<\/a><\/div>\n<\/div>\n<\/div>\n<\/div>\n\n\n\n<div class=\"wp-block-group alignfull has-lightgreen-background-color has-background\"><div class=\"wp-block-group__inner-container\">\n<div class=\"wp-block-columns alignwide are-vertically-aligned-center\">\n<div class=\"wp-block-column is-vertically-aligned-center\">\n<h2 class=\"wp-block-heading\">Emplois au sein du Groupe Agora<\/h2>\n\n\n\n<p>Notre entreprise familiale, o\u00f9 le client est le facteur central, compte sur l\u2019engagement de coll\u00e8gues d\u00e9vou\u00e9s et flexibles. Ce sont en effet les gens qui constituent la force de notre organisation.\n<\/p>\n\n\n\n<div class=\"wp-block-buttons\">\n<div class=\"wp-block-button\"><a class=\"wp-block-button__link has-white-color has-green-background-color has-text-color has-background no-border-radius\" href=\"https:\/\/www.agoragroup.com\/fr\/travailler-chez-agora\/\">D\u00e9couvrez travailler chez Agora<\/a><\/div>\n\n\n\n<div class=\"wp-block-button\"><a class=\"wp-block-button__link has-white-color has-green-background-color has-text-color has-background no-border-radius\" href=\"https:\/\/www.agoragroup.com\/fr\/info-dagora-group\/emplois-au-sein-du-groupe-agora\/\">voir les postes vacants<\/a><\/div>\n<\/div>\n<\/div>\n\n\n\n<div class=\"wp-block-column is-vertically-aligned-center\">\n<figure class=\"wp-block-image size-large\"><img decoding=\"async\" width=\"1000\" height=\"475\" src=\"https:\/\/www.agoragroup.com\/wp-content\/uploads\/2020\/10\/AGORA-TEAM.jpg\" alt=\"\" class=\"wp-image-511\"\/><\/figure>\n<\/div>\n<\/div>\n<\/div><\/div>\n\n\n\n<div style=\"height:29px\" aria-hidden=\"true\" class=\"wp-block-spacer\"><\/div>\n\n\n\n<div class=\"wp-block-columns alignfull\">\n<div class=\"wp-block-column\">\n<figure class=\"wp-block-image size-large\"><img decoding=\"async\" width=\"1000\" height=\"667\" src=\"https:\/\/www.agoragroup.com\/wp-content\/uploads\/2022\/02\/egalite\u0301-1000x667.jpg\" alt=\"\" class=\"wp-image-10631\" srcset=\"https:\/\/www.agoragroup.com\/wp-content\/uploads\/2022\/02\/egalite\u0301-1000x667.jpg 1000w, https:\/\/www.agoragroup.com\/wp-content\/uploads\/2022\/02\/egalite\u0301-600x400.jpg 600w, https:\/\/www.agoragroup.com\/wp-content\/uploads\/2022\/02\/egalite\u0301.jpg 2000w\" sizes=\"(max-width: 1000px) 100vw, 1000px\" \/><\/figure>\n<\/div>\n\n\n\n<div class=\"wp-block-column\">\n<h2 class=\"wp-block-heading\">Egalit\u00e9 Professionnelle<\/h2>\n\n\n\n<p>Groupe Agora s\u2019engage pour l\u2019\u00e9galit\u00e9 des sexes et r\u00e9duire les discriminations au travail, d\u2019o\u00f9 d\u00e9coule une belle note \u00e0 l\u2019index.<\/p>\n\n\n\n<div class=\"wp-block-buttons\">\n<div class=\"wp-block-button has-custom-width wp-block-button__width-50\"><a class=\"wp-block-button__link has-white-color has-green-background-color has-text-color has-background no-border-radius\" href=\"https:\/\/www.agoragroup.com\/fr\/index-2022-egalite-femmes-hommes\/\" target=\"_blank\" rel=\"noreferrer noopener\">En savoir plus<\/a><\/div>\n<\/div>\n<\/div>\n<\/div>\n","protected":false},"excerpt":{"rendered":"<p>A propos du groupe Agora L\u2019entreprise Agora est r\u00e9put\u00e9e \u00e0 l\u2019\u00e9chelle internationale pour sa qualit\u00e9: des fleurs coup\u00e9es du jour, des verdures, un large choix de plantes d\u2019int\u00e9rieur et d\u2019ext\u00e9rieur, des articles de base ainsi que les derni\u00e8res tendances en mati\u00e8re de d\u00e9coration. Chez Agora, les clients sont au c\u0153ur de nos pr\u00e9occupations.&nbsp; Les heures [&hellip;]<\/p>\n","protected":false},"author":1,"featured_media":0,"parent":0,"menu_order":32,"comment_status":"closed","ping_status":"closed","template":"","meta":{"_acf_changed":false,"footnotes":""},"class_list":["post-1337","page","type-page","status-publish","hentry"],"acf":[],"yoast_head":"<!-- This site is optimized with the Yoast SEO plugin v27.5 - https:\/\/yoast.com\/product\/yoast-seo-wordpress\/ -->\n<title>A propos - Agora Group<\/title>\n<meta name=\"description\" content=\"Agora Group, grossiste en fleurs, est votre fournisseur de fleurs fra\u00eeches. Egalement votre grossiste en plantes et fleurs s\u00e9ch\u00e9es.\" \/>\n<meta name=\"robots\" content=\"index, follow, max-snippet:-1, max-image-preview:large, max-video-preview:-1\" \/>\n<link rel=\"canonical\" href=\"https:\/\/www.agoragroup.com\/fr\/a-propos-agora-group\/\" \/>\n<meta property=\"og:locale\" content=\"fr_FR\" \/>\n<meta property=\"og:type\" content=\"article\" \/>\n<meta property=\"og:title\" content=\"A propos - Agora Group\" \/>\n<meta property=\"og:description\" content=\"Agora Group, grossiste en fleurs, est votre fournisseur de fleurs fra\u00eeches. Egalement votre grossiste en plantes et fleurs s\u00e9ch\u00e9es.\" \/>\n<meta property=\"og:url\" content=\"https:\/\/www.agoragroup.com\/fr\/a-propos-agora-group\/\" \/>\n<meta property=\"og:site_name\" content=\"Agora Group\" \/>\n<meta property=\"article:modified_time\" content=\"2023-01-23T12:52:46+00:00\" \/>\n<meta property=\"og:image\" content=\"https:\/\/www.agoragroup.com\/wp-content\/uploads\/2021\/04\/AGORA-WEBSITE-IMAGE-FRAME-SPLIT-2021_ABOUT-US-2.jpg\" \/>\n<meta name=\"twitter:card\" content=\"summary_large_image\" \/>\n<meta name=\"twitter:label1\" content=\"Dur\u00e9e de lecture estim\u00e9e\" \/>\n\t<meta name=\"twitter:data1\" content=\"4 minutes\" \/>\n<script type=\"application\/ld+json\" class=\"yoast-schema-graph\">{\"@context\":\"https:\\\/\\\/schema.org\",\"@graph\":[{\"@type\":\"WebPage\",\"@id\":\"https:\\\/\\\/www.agoragroup.com\\\/fr\\\/a-propos-agora-group\\\/\",\"url\":\"https:\\\/\\\/www.agoragroup.com\\\/fr\\\/a-propos-agora-group\\\/\",\"name\":\"A propos - Agora Group\",\"isPartOf\":{\"@id\":\"https:\\\/\\\/www.agoragroup.com\\\/nl\\\/#website\"},\"primaryImageOfPage\":{\"@id\":\"https:\\\/\\\/www.agoragroup.com\\\/fr\\\/a-propos-agora-group\\\/#primaryimage\"},\"image\":{\"@id\":\"https:\\\/\\\/www.agoragroup.com\\\/fr\\\/a-propos-agora-group\\\/#primaryimage\"},\"thumbnailUrl\":\"https:\\\/\\\/www.agoragroup.com\\\/wp-content\\\/uploads\\\/2021\\\/04\\\/AGORA-WEBSITE-IMAGE-FRAME-SPLIT-2021_ABOUT-US-2.jpg\",\"datePublished\":\"2020-10-14T14:15:15+00:00\",\"dateModified\":\"2023-01-23T12:52:46+00:00\",\"description\":\"Agora Group, grossiste en fleurs, est votre fournisseur de fleurs fra\u00eeches. Egalement votre grossiste en plantes et fleurs s\u00e9ch\u00e9es.\",\"breadcrumb\":{\"@id\":\"https:\\\/\\\/www.agoragroup.com\\\/fr\\\/a-propos-agora-group\\\/#breadcrumb\"},\"inLanguage\":\"fr-FR\",\"potentialAction\":[{\"@type\":\"ReadAction\",\"target\":[\"https:\\\/\\\/www.agoragroup.com\\\/fr\\\/a-propos-agora-group\\\/\"]}]},{\"@type\":\"ImageObject\",\"inLanguage\":\"fr-FR\",\"@id\":\"https:\\\/\\\/www.agoragroup.com\\\/fr\\\/a-propos-agora-group\\\/#primaryimage\",\"url\":\"https:\\\/\\\/www.agoragroup.com\\\/wp-content\\\/uploads\\\/2021\\\/04\\\/AGORA-WEBSITE-IMAGE-FRAME-SPLIT-2021_ABOUT-US-2.jpg\",\"contentUrl\":\"https:\\\/\\\/www.agoragroup.com\\\/wp-content\\\/uploads\\\/2021\\\/04\\\/AGORA-WEBSITE-IMAGE-FRAME-SPLIT-2021_ABOUT-US-2.jpg\"},{\"@type\":\"BreadcrumbList\",\"@id\":\"https:\\\/\\\/www.agoragroup.com\\\/fr\\\/a-propos-agora-group\\\/#breadcrumb\",\"itemListElement\":[{\"@type\":\"ListItem\",\"position\":1,\"name\":\"Home\",\"item\":\"https:\\\/\\\/www.agoragroup.com\\\/fr\\\/\"},{\"@type\":\"ListItem\",\"position\":2,\"name\":\"A propos\"}]},{\"@type\":\"WebSite\",\"@id\":\"https:\\\/\\\/www.agoragroup.com\\\/nl\\\/#website\",\"url\":\"https:\\\/\\\/www.agoragroup.com\\\/nl\\\/\",\"name\":\"Agora Group\",\"description\":\"\",\"potentialAction\":[{\"@type\":\"SearchAction\",\"target\":{\"@type\":\"EntryPoint\",\"urlTemplate\":\"https:\\\/\\\/www.agoragroup.com\\\/nl\\\/?s={search_term_string}\"},\"query-input\":{\"@type\":\"PropertyValueSpecification\",\"valueRequired\":true,\"valueName\":\"search_term_string\"}}],\"inLanguage\":\"fr-FR\"}]}<\/script>\n<!-- \/ Yoast SEO plugin. -->","yoast_head_json":{"title":"A propos - Agora Group","description":"Agora Group, grossiste en fleurs, est votre fournisseur de fleurs fra\u00eeches. Egalement votre grossiste en plantes et fleurs s\u00e9ch\u00e9es.","robots":{"index":"index","follow":"follow","max-snippet":"max-snippet:-1","max-image-preview":"max-image-preview:large","max-video-preview":"max-video-preview:-1"},"canonical":"https:\/\/www.agoragroup.com\/fr\/a-propos-agora-group\/","og_locale":"fr_FR","og_type":"article","og_title":"A propos - Agora Group","og_description":"Agora Group, grossiste en fleurs, est votre fournisseur de fleurs fra\u00eeches. Egalement votre grossiste en plantes et fleurs s\u00e9ch\u00e9es.","og_url":"https:\/\/www.agoragroup.com\/fr\/a-propos-agora-group\/","og_site_name":"Agora Group","article_modified_time":"2023-01-23T12:52:46+00:00","og_image":[{"url":"https:\/\/www.agoragroup.com\/wp-content\/uploads\/2021\/04\/AGORA-WEBSITE-IMAGE-FRAME-SPLIT-2021_ABOUT-US-2.jpg","type":"","width":"","height":""}],"twitter_card":"summary_large_image","twitter_misc":{"Dur\u00e9e de lecture estim\u00e9e":"4 minutes"},"schema":{"@context":"https:\/\/schema.org","@graph":[{"@type":"WebPage","@id":"https:\/\/www.agoragroup.com\/fr\/a-propos-agora-group\/","url":"https:\/\/www.agoragroup.com\/fr\/a-propos-agora-group\/","name":"A propos - Agora Group","isPartOf":{"@id":"https:\/\/www.agoragroup.com\/nl\/#website"},"primaryImageOfPage":{"@id":"https:\/\/www.agoragroup.com\/fr\/a-propos-agora-group\/#primaryimage"},"image":{"@id":"https:\/\/www.agoragroup.com\/fr\/a-propos-agora-group\/#primaryimage"},"thumbnailUrl":"https:\/\/www.agoragroup.com\/wp-content\/uploads\/2021\/04\/AGORA-WEBSITE-IMAGE-FRAME-SPLIT-2021_ABOUT-US-2.jpg","datePublished":"2020-10-14T14:15:15+00:00","dateModified":"2023-01-23T12:52:46+00:00","description":"Agora Group, grossiste en fleurs, est votre fournisseur de fleurs fra\u00eeches. Egalement votre grossiste en plantes et fleurs s\u00e9ch\u00e9es.","breadcrumb":{"@id":"https:\/\/www.agoragroup.com\/fr\/a-propos-agora-group\/#breadcrumb"},"inLanguage":"fr-FR","potentialAction":[{"@type":"ReadAction","target":["https:\/\/www.agoragroup.com\/fr\/a-propos-agora-group\/"]}]},{"@type":"ImageObject","inLanguage":"fr-FR","@id":"https:\/\/www.agoragroup.com\/fr\/a-propos-agora-group\/#primaryimage","url":"https:\/\/www.agoragroup.com\/wp-content\/uploads\/2021\/04\/AGORA-WEBSITE-IMAGE-FRAME-SPLIT-2021_ABOUT-US-2.jpg","contentUrl":"https:\/\/www.agoragroup.com\/wp-content\/uploads\/2021\/04\/AGORA-WEBSITE-IMAGE-FRAME-SPLIT-2021_ABOUT-US-2.jpg"},{"@type":"BreadcrumbList","@id":"https:\/\/www.agoragroup.com\/fr\/a-propos-agora-group\/#breadcrumb","itemListElement":[{"@type":"ListItem","position":1,"name":"Home","item":"https:\/\/www.agoragroup.com\/fr\/"},{"@type":"ListItem","position":2,"name":"A propos"}]},{"@type":"WebSite","@id":"https:\/\/www.agoragroup.com\/nl\/#website","url":"https:\/\/www.agoragroup.com\/nl\/","name":"Agora Group","description":"","potentialAction":[{"@type":"SearchAction","target":{"@type":"EntryPoint","urlTemplate":"https:\/\/www.agoragroup.com\/nl\/?s={search_term_string}"},"query-input":{"@type":"PropertyValueSpecification","valueRequired":true,"valueName":"search_term_string"}}],"inLanguage":"fr-FR"}]}},"_links":{"self":[{"href":"https:\/\/www.agoragroup.com\/fr\/wp-json\/wp\/v2\/pages\/1337","targetHints":{"allow":["GET"]}}],"collection":[{"href":"https:\/\/www.agoragroup.com\/fr\/wp-json\/wp\/v2\/pages"}],"about":[{"href":"https:\/\/www.agoragroup.com\/fr\/wp-json\/wp\/v2\/types\/page"}],"author":[{"embeddable":true,"href":"https:\/\/www.agoragroup.com\/fr\/wp-json\/wp\/v2\/users\/1"}],"replies":[{"embeddable":true,"href":"https:\/\/www.agoragroup.com\/fr\/wp-json\/wp\/v2\/comments?post=1337"}],"version-history":[{"count":0,"href":"https:\/\/www.agoragroup.com\/fr\/wp-json\/wp\/v2\/pages\/1337\/revisions"}],"wp:attachment":[{"href":"https:\/\/www.agoragroup.com\/fr\/wp-json\/wp\/v2\/media?parent=1337"}],"curies":[{"name":"wp","href":"https:\/\/api.w.org\/{rel}","templated":true}]}}