{"id":15405,"date":"2022-12-08T14:30:30","date_gmt":"2022-12-08T13:30:30","guid":{"rendered":"https:\/\/www.agoragroup.com\/werken-bij-agora\/"},"modified":"2024-11-19T13:46:35","modified_gmt":"2024-11-19T12:46:35","slug":"travailler-chez-agora","status":"publish","type":"page","link":"https:\/\/www.agoragroup.com\/fr\/travailler-chez-agora\/","title":{"rendered":"Travailler chez Agora"},"content":{"rendered":"\n<figure class=\"wp-block-image alignwide size-full\"><img decoding=\"async\" width=\"1400\" height=\"500\" src=\"https:\/\/www.agoragroup.com\/wp-content\/uploads\/2023\/01\/WEBSITE-BANNER-1400X500PX-EMPLOYER-BRANDING-AGORA-2023-min.png\" alt=\"\" class=\"wp-image-15377\" srcset=\"https:\/\/www.agoragroup.com\/wp-content\/uploads\/2023\/01\/WEBSITE-BANNER-1400X500PX-EMPLOYER-BRANDING-AGORA-2023-min.png 1400w, https:\/\/www.agoragroup.com\/wp-content\/uploads\/2023\/01\/WEBSITE-BANNER-1400X500PX-EMPLOYER-BRANDING-AGORA-2023-min-1000x357.png 1000w\" sizes=\"(max-width: 1400px) 100vw, 1400px\" \/><\/figure>\n\n\n\n<div style=\"height:10px\" aria-hidden=\"true\" class=\"wp-block-spacer\"><\/div>\n\n\n\n<h1 class=\"wp-block-heading alignwide has-text-align-center\"><strong><strong><strong>Travailler pour la grande famille Agora, <\/strong><\/strong><\/strong><br><strong><strong><strong>c\u2019est un peu comme si votre lieu de travail \u00e9tait votre seconde maison<\/strong><\/strong><\/strong><\/h1>\n\n\n\n<p class=\"has-text-align-center\">Agora se soucie vraiment de chaque membre de son personnel. Tous les membres de son personnel sont en effet des \u00e9l\u00e9ments importants du succ\u00e8s que nous connaissons depuis toutes ces ann\u00e9es. C\u2019est gr\u00e2ce \u00e0 leur engagement de tous les instants, leur d\u00e9vouement important et leur perspicacit\u00e9 cr\u00e9ative, que nos visiteurs appr\u00e9cient chaque jour venir chez Agora. Nous accordons une grande importance \u00e0 une ambiance de travail agr\u00e9able et professionnelle, nous veillons \u00e0 une bonne dynamique de groupe et organisons r\u00e9guli\u00e8rement de chouettes activit\u00e9s pour le personnel. Bref : nous faisons tout notre possible pour que notre personnel se sente comme chez lui au travail.<\/p>\n\n\n\n<p class=\"has-text-align-center\">Vous aimeriez aussi devenir un membre indispensable de notre famille Agora\u2009? Nos offres d\u2019emploi sont consultables sur cette page\u2009!<\/p>\n\n\n\n<div class=\"wp-block-buttons\">\n<div class=\"wp-block-button button-center\"><a class=\"wp-block-button__link has-white-color has-pink-background-color has-text-color has-background wp-element-button\" href=\"https:\/\/www.agoragroup.com\/fr\/a-propos-agora-group\/emplois-au-sein-du-groupe-agora\/\" style=\"border-radius:6px\" target=\"_blank\" rel=\"noreferrer noopener\">D\u00c9COUVREZ TOUTES LES OFFRES D\u2019EMPLOI<\/a><\/div>\n<\/div>\n\n\n\n<div style=\"height:50px\" aria-hidden=\"true\" class=\"wp-block-spacer\"><\/div>\n\n\n\n<h2 class=\"wp-block-heading has-text-align-center\"><\/h2>\n\n\n\n<div style=\"height:50px\" aria-hidden=\"true\" class=\"wp-block-spacer\"><\/div>\n\n\n\n<h2 class=\"wp-block-heading has-text-align-center\"><strong>Agora Group<\/strong><\/h2>\n\n\n\n<div class=\"wp-block-columns alignwide\">\n<div class=\"wp-block-column has-lightgrey-background-color has-background\">\n<figure class=\"wp-block-image size-full\"><img decoding=\"async\" width=\"2000\" height=\"1333\" src=\"https:\/\/www.agoragroup.com\/wp-content\/uploads\/2023\/01\/JJM03670-scaled.jpg\" alt=\"\" class=\"wp-image-15390\" srcset=\"https:\/\/www.agoragroup.com\/wp-content\/uploads\/2023\/01\/JJM03670-scaled.jpg 2000w, https:\/\/www.agoragroup.com\/wp-content\/uploads\/2023\/01\/JJM03670-1000x667.jpg 1000w, https:\/\/www.agoragroup.com\/wp-content\/uploads\/2023\/01\/JJM03670-600x400.jpg 600w\" sizes=\"(max-width: 2000px) 100vw, 2000px\" \/><\/figure>\n\n\n\n<h3 class=\"wp-block-heading title-employer has-green-color has-text-color\"><strong><strong>Mission<\/strong><\/strong><\/h3>\n\n\n\n<p class=\"text-employer\">Nous sommes un grossiste familial avec de grandes ambitions. \u00c9tant un des principaux acteurs europ\u00e9ens dans le domaine des fleurs, des plantes et des accessoires, nous ne cessons d\u2019innover. Nous transmettons volontiers notre passion \u00e0 d\u2019autres et nous effor\u00e7ons toujours de cr\u00e9er un lien durable avec nos partenaires professionnels. Nos magasins sont un lieu de rencontre inspirant. Gr\u00e2ce \u00e0 nos produits de qualit\u00e9, nous nous concentrons sur la prise en charge compl\u00e8te des souhaits de nos clients.<\/p>\n\n\n\n<div style=\"height:10px\" aria-hidden=\"true\" class=\"wp-block-spacer\"><\/div>\n<\/div>\n\n\n\n<div class=\"wp-block-column has-lightgrey-background-color has-background\">\n<figure class=\"wp-block-image size-full\"><img decoding=\"async\" width=\"2000\" height=\"1334\" src=\"https:\/\/www.agoragroup.com\/wp-content\/uploads\/2023\/01\/JJM04509-scaled.jpg\" alt=\"\" class=\"wp-image-15393\" srcset=\"https:\/\/www.agoragroup.com\/wp-content\/uploads\/2023\/01\/JJM04509-scaled.jpg 2000w, https:\/\/www.agoragroup.com\/wp-content\/uploads\/2023\/01\/JJM04509-1000x667.jpg 1000w, https:\/\/www.agoragroup.com\/wp-content\/uploads\/2023\/01\/JJM04509-600x400.jpg 600w\" sizes=\"(max-width: 2000px) 100vw, 2000px\" \/><\/figure>\n\n\n\n<h3 class=\"wp-block-heading title-employer has-green-color has-text-color\"><strong><strong><strong>Notre personnel<\/strong><\/strong><\/strong><\/h3>\n\n\n\n<p class=\"text-employer\">Travailler chez Agora, c\u2019est faire partie d\u2019une grande famille. Notre personnel est le c\u0153ur de notre entreprise. Chaque membre du personnel poss\u00e8de des qualit\u00e9s qui correspondent parfaitement aux valeurs d\u2019Agora : convivialit\u00e9, flexibilit\u00e9, cr\u00e9ativit\u00e9 et ambition de donner chaque jour le meilleur de soi-m\u00eame.<\/p>\n<\/div>\n<\/div>\n\n\n\n<div class=\"wp-block-columns alignwide\">\n<div class=\"wp-block-column has-lightgrey-background-color has-background\">\n<figure class=\"wp-block-image size-full\"><img decoding=\"async\" width=\"2000\" height=\"1333\" src=\"https:\/\/www.agoragroup.com\/wp-content\/uploads\/2023\/01\/JJM04350-scaled.jpg\" alt=\"\" class=\"wp-image-15396\" srcset=\"https:\/\/www.agoragroup.com\/wp-content\/uploads\/2023\/01\/JJM04350-scaled.jpg 2000w, https:\/\/www.agoragroup.com\/wp-content\/uploads\/2023\/01\/JJM04350-1000x667.jpg 1000w, https:\/\/www.agoragroup.com\/wp-content\/uploads\/2023\/01\/JJM04350-600x400.jpg 600w\" sizes=\"(max-width: 2000px) 100vw, 2000px\" \/><\/figure>\n\n\n\n<h3 class=\"wp-block-heading title-employer has-green-color has-text-color\"><strong><strong>Vision<\/strong><\/strong><\/h3>\n\n\n\n<p class=\"text-employer\">Notre vision s\u2019est d\u00e8s le d\u00e9part concentr\u00e9e sur un service o\u00f9 la qualit\u00e9 et la proximit\u00e9 sont essentielles. Nous actualisons en permanence notre gamme de produits avec notre enthousiaste \u00e9quipe de professionnels. Les achats chez Agora se font ainsi toujours sans probl\u00e8me. Nous sommes en outre au courant des derni\u00e8res tendances et des nouveaux d\u00e9veloppements.<\/p>\n\n\n\n<div style=\"height:10px\" aria-hidden=\"true\" class=\"wp-block-spacer\"><\/div>\n<\/div>\n\n\n\n<div class=\"wp-block-column has-lightgrey-background-color has-background\">\n<figure class=\"wp-block-image size-full\"><img decoding=\"async\" width=\"2000\" height=\"1345\" src=\"https:\/\/www.agoragroup.com\/wp-content\/uploads\/2023\/01\/JJM05597-scaled.jpg\" alt=\"\" class=\"wp-image-15399\" srcset=\"https:\/\/www.agoragroup.com\/wp-content\/uploads\/2023\/01\/JJM05597-scaled.jpg 2000w, https:\/\/www.agoragroup.com\/wp-content\/uploads\/2023\/01\/JJM05597-1000x673.jpg 1000w\" sizes=\"(max-width: 2000px) 100vw, 2000px\" \/><\/figure>\n\n\n\n<h3 class=\"wp-block-heading title-employer has-green-color has-text-color\"><strong><strong>Valeurs<\/strong><\/strong><\/h3>\n\n\n\n<p class=\"text-employer\">Chez Agora, tout le monde est passionn\u00e9 par son m\u00e9tier. Le caract\u00e8re familial de notre entreprise permet que tout le monde se sente chez lui dans notre soci\u00e9t\u00e9 &#8211; de notre personnel \u00e0 notre client\u00e8le. Nous aimons adopter une mentalit\u00e9 no-nonsense et inspirer nos partenaires professionnels en proposant chaque jour la meilleure qualit\u00e9 possible.<\/p>\n\n\n\n<div style=\"height:10px\" aria-hidden=\"true\" class=\"wp-block-spacer\"><\/div>\n<\/div>\n<\/div>\n\n\n\n<div style=\"height:50px\" aria-hidden=\"true\" class=\"wp-block-spacer\"><\/div>\n\n\n\n<div class=\"wp-block-group alignfull has-green-background-color has-background\"><div class=\"wp-block-group__inner-container\">\n<h2 class=\"wp-block-heading has-text-align-center has-white-color has-text-color\">Envie de travailler pour <br>Agora Group\u2009?<\/h2>\n\n\n\n<div class=\"wp-block-buttons\">\n<div class=\"wp-block-button button-center\"><a class=\"wp-block-button__link has-mutedgreen-color has-lightgreen-background-color has-text-color has-background wp-element-button\" href=\"https:\/\/www.agoragroup.com\/fr\/a-propos-agora-group\/emplois-au-sein-du-groupe-agora\/\" target=\"_blank\" rel=\"noreferrer noopener\"><strong>VOIR NOS OFFRES D\u2019EMPLOI<\/strong><\/a><\/div>\n<\/div>\n<\/div><\/div>\n","protected":false},"excerpt":{"rendered":"<p>Travailler pour la grande famille Agora, c\u2019est un peu comme si votre lieu de travail \u00e9tait votre seconde maison Agora se soucie vraiment de chaque membre de son personnel. Tous les membres de son personnel sont en effet des \u00e9l\u00e9ments importants du succ\u00e8s que nous connaissons depuis toutes ces ann\u00e9es. C\u2019est gr\u00e2ce \u00e0 leur engagement [&hellip;]<\/p>\n","protected":false},"author":8,"featured_media":0,"parent":0,"menu_order":22,"comment_status":"closed","ping_status":"closed","template":"","meta":{"_acf_changed":false,"footnotes":""},"class_list":["post-15405","page","type-page","status-publish","hentry"],"acf":[],"yoast_head":"<!-- This site is optimized with the Yoast SEO plugin v27.5 - https:\/\/yoast.com\/product\/yoast-seo-wordpress\/ -->\n<title>Travailler chez Agora - Agora Group<\/title>\n<meta name=\"robots\" content=\"index, follow, max-snippet:-1, max-image-preview:large, max-video-preview:-1\" \/>\n<link rel=\"canonical\" href=\"https:\/\/www.agoragroup.com\/fr\/travailler-chez-agora\/\" \/>\n<meta property=\"og:locale\" content=\"fr_FR\" \/>\n<meta property=\"og:type\" content=\"article\" \/>\n<meta property=\"og:title\" content=\"Travailler chez Agora - Agora Group\" \/>\n<meta property=\"og:description\" content=\"Travailler pour la grande famille Agora, c\u2019est un peu comme si votre lieu de travail \u00e9tait votre seconde maison Agora se soucie vraiment de chaque membre de son personnel. Tous les membres de son personnel sont en effet des \u00e9l\u00e9ments importants du succ\u00e8s que nous connaissons depuis toutes ces ann\u00e9es. C\u2019est gr\u00e2ce \u00e0 leur engagement [&hellip;]\" \/>\n<meta property=\"og:url\" content=\"https:\/\/www.agoragroup.com\/fr\/travailler-chez-agora\/\" \/>\n<meta property=\"og:site_name\" content=\"Agora Group\" \/>\n<meta property=\"article:modified_time\" content=\"2024-11-19T12:46:35+00:00\" \/>\n<meta property=\"og:image\" content=\"https:\/\/www.agoragroup.com\/wp-content\/uploads\/2023\/01\/WEBSITE-BANNER-1400X500PX-EMPLOYER-BRANDING-AGORA-2023-min.png\" \/>\n\t<meta property=\"og:image:width\" content=\"1400\" \/>\n\t<meta property=\"og:image:height\" content=\"500\" \/>\n\t<meta property=\"og:image:type\" content=\"image\/png\" \/>\n<meta name=\"twitter:card\" content=\"summary_large_image\" \/>\n<meta name=\"twitter:label1\" content=\"Dur\u00e9e de lecture estim\u00e9e\" \/>\n\t<meta name=\"twitter:data1\" content=\"3 minutes\" \/>\n<script type=\"application\/ld+json\" class=\"yoast-schema-graph\">{\"@context\":\"https:\\\/\\\/schema.org\",\"@graph\":[{\"@type\":\"WebPage\",\"@id\":\"https:\\\/\\\/www.agoragroup.com\\\/fr\\\/travailler-chez-agora\\\/\",\"url\":\"https:\\\/\\\/www.agoragroup.com\\\/fr\\\/travailler-chez-agora\\\/\",\"name\":\"Travailler chez Agora - Agora Group\",\"isPartOf\":{\"@id\":\"https:\\\/\\\/www.agoragroup.com\\\/nl\\\/#website\"},\"primaryImageOfPage\":{\"@id\":\"https:\\\/\\\/www.agoragroup.com\\\/fr\\\/travailler-chez-agora\\\/#primaryimage\"},\"image\":{\"@id\":\"https:\\\/\\\/www.agoragroup.com\\\/fr\\\/travailler-chez-agora\\\/#primaryimage\"},\"thumbnailUrl\":\"https:\\\/\\\/www.agoragroup.com\\\/wp-content\\\/uploads\\\/2023\\\/01\\\/WEBSITE-BANNER-1400X500PX-EMPLOYER-BRANDING-AGORA-2023-min.png\",\"datePublished\":\"2022-12-08T13:30:30+00:00\",\"dateModified\":\"2024-11-19T12:46:35+00:00\",\"breadcrumb\":{\"@id\":\"https:\\\/\\\/www.agoragroup.com\\\/fr\\\/travailler-chez-agora\\\/#breadcrumb\"},\"inLanguage\":\"fr-FR\",\"potentialAction\":[{\"@type\":\"ReadAction\",\"target\":[\"https:\\\/\\\/www.agoragroup.com\\\/fr\\\/travailler-chez-agora\\\/\"]}]},{\"@type\":\"ImageObject\",\"inLanguage\":\"fr-FR\",\"@id\":\"https:\\\/\\\/www.agoragroup.com\\\/fr\\\/travailler-chez-agora\\\/#primaryimage\",\"url\":\"https:\\\/\\\/www.agoragroup.com\\\/wp-content\\\/uploads\\\/2023\\\/01\\\/WEBSITE-BANNER-1400X500PX-EMPLOYER-BRANDING-AGORA-2023-min.png\",\"contentUrl\":\"https:\\\/\\\/www.agoragroup.com\\\/wp-content\\\/uploads\\\/2023\\\/01\\\/WEBSITE-BANNER-1400X500PX-EMPLOYER-BRANDING-AGORA-2023-min.png\"},{\"@type\":\"BreadcrumbList\",\"@id\":\"https:\\\/\\\/www.agoragroup.com\\\/fr\\\/travailler-chez-agora\\\/#breadcrumb\",\"itemListElement\":[{\"@type\":\"ListItem\",\"position\":1,\"name\":\"Home\",\"item\":\"https:\\\/\\\/www.agoragroup.com\\\/fr\\\/\"},{\"@type\":\"ListItem\",\"position\":2,\"name\":\"Travailler chez Agora\"}]},{\"@type\":\"WebSite\",\"@id\":\"https:\\\/\\\/www.agoragroup.com\\\/nl\\\/#website\",\"url\":\"https:\\\/\\\/www.agoragroup.com\\\/nl\\\/\",\"name\":\"Agora Group\",\"description\":\"\",\"potentialAction\":[{\"@type\":\"SearchAction\",\"target\":{\"@type\":\"EntryPoint\",\"urlTemplate\":\"https:\\\/\\\/www.agoragroup.com\\\/nl\\\/?s={search_term_string}\"},\"query-input\":{\"@type\":\"PropertyValueSpecification\",\"valueRequired\":true,\"valueName\":\"search_term_string\"}}],\"inLanguage\":\"fr-FR\"}]}<\/script>\n<!-- \/ Yoast SEO plugin. -->","yoast_head_json":{"title":"Travailler chez Agora - Agora Group","robots":{"index":"index","follow":"follow","max-snippet":"max-snippet:-1","max-image-preview":"max-image-preview:large","max-video-preview":"max-video-preview:-1"},"canonical":"https:\/\/www.agoragroup.com\/fr\/travailler-chez-agora\/","og_locale":"fr_FR","og_type":"article","og_title":"Travailler chez Agora - Agora Group","og_description":"Travailler pour la grande famille Agora, c\u2019est un peu comme si votre lieu de travail \u00e9tait votre seconde maison Agora se soucie vraiment de chaque membre de son personnel. Tous les membres de son personnel sont en effet des \u00e9l\u00e9ments importants du succ\u00e8s que nous connaissons depuis toutes ces ann\u00e9es. C\u2019est gr\u00e2ce \u00e0 leur engagement [&hellip;]","og_url":"https:\/\/www.agoragroup.com\/fr\/travailler-chez-agora\/","og_site_name":"Agora Group","article_modified_time":"2024-11-19T12:46:35+00:00","og_image":[{"width":1400,"height":500,"url":"https:\/\/www.agoragroup.com\/wp-content\/uploads\/2023\/01\/WEBSITE-BANNER-1400X500PX-EMPLOYER-BRANDING-AGORA-2023-min.png","type":"image\/png"}],"twitter_card":"summary_large_image","twitter_misc":{"Dur\u00e9e de lecture estim\u00e9e":"3 minutes"},"schema":{"@context":"https:\/\/schema.org","@graph":[{"@type":"WebPage","@id":"https:\/\/www.agoragroup.com\/fr\/travailler-chez-agora\/","url":"https:\/\/www.agoragroup.com\/fr\/travailler-chez-agora\/","name":"Travailler chez Agora - Agora Group","isPartOf":{"@id":"https:\/\/www.agoragroup.com\/nl\/#website"},"primaryImageOfPage":{"@id":"https:\/\/www.agoragroup.com\/fr\/travailler-chez-agora\/#primaryimage"},"image":{"@id":"https:\/\/www.agoragroup.com\/fr\/travailler-chez-agora\/#primaryimage"},"thumbnailUrl":"https:\/\/www.agoragroup.com\/wp-content\/uploads\/2023\/01\/WEBSITE-BANNER-1400X500PX-EMPLOYER-BRANDING-AGORA-2023-min.png","datePublished":"2022-12-08T13:30:30+00:00","dateModified":"2024-11-19T12:46:35+00:00","breadcrumb":{"@id":"https:\/\/www.agoragroup.com\/fr\/travailler-chez-agora\/#breadcrumb"},"inLanguage":"fr-FR","potentialAction":[{"@type":"ReadAction","target":["https:\/\/www.agoragroup.com\/fr\/travailler-chez-agora\/"]}]},{"@type":"ImageObject","inLanguage":"fr-FR","@id":"https:\/\/www.agoragroup.com\/fr\/travailler-chez-agora\/#primaryimage","url":"https:\/\/www.agoragroup.com\/wp-content\/uploads\/2023\/01\/WEBSITE-BANNER-1400X500PX-EMPLOYER-BRANDING-AGORA-2023-min.png","contentUrl":"https:\/\/www.agoragroup.com\/wp-content\/uploads\/2023\/01\/WEBSITE-BANNER-1400X500PX-EMPLOYER-BRANDING-AGORA-2023-min.png"},{"@type":"BreadcrumbList","@id":"https:\/\/www.agoragroup.com\/fr\/travailler-chez-agora\/#breadcrumb","itemListElement":[{"@type":"ListItem","position":1,"name":"Home","item":"https:\/\/www.agoragroup.com\/fr\/"},{"@type":"ListItem","position":2,"name":"Travailler chez Agora"}]},{"@type":"WebSite","@id":"https:\/\/www.agoragroup.com\/nl\/#website","url":"https:\/\/www.agoragroup.com\/nl\/","name":"Agora Group","description":"","potentialAction":[{"@type":"SearchAction","target":{"@type":"EntryPoint","urlTemplate":"https:\/\/www.agoragroup.com\/nl\/?s={search_term_string}"},"query-input":{"@type":"PropertyValueSpecification","valueRequired":true,"valueName":"search_term_string"}}],"inLanguage":"fr-FR"}]}},"_links":{"self":[{"href":"https:\/\/www.agoragroup.com\/fr\/wp-json\/wp\/v2\/pages\/15405","targetHints":{"allow":["GET"]}}],"collection":[{"href":"https:\/\/www.agoragroup.com\/fr\/wp-json\/wp\/v2\/pages"}],"about":[{"href":"https:\/\/www.agoragroup.com\/fr\/wp-json\/wp\/v2\/types\/page"}],"author":[{"embeddable":true,"href":"https:\/\/www.agoragroup.com\/fr\/wp-json\/wp\/v2\/users\/8"}],"replies":[{"embeddable":true,"href":"https:\/\/www.agoragroup.com\/fr\/wp-json\/wp\/v2\/comments?post=15405"}],"version-history":[{"count":0,"href":"https:\/\/www.agoragroup.com\/fr\/wp-json\/wp\/v2\/pages\/15405\/revisions"}],"wp:attachment":[{"href":"https:\/\/www.agoragroup.com\/fr\/wp-json\/wp\/v2\/media?parent=15405"}],"curies":[{"name":"wp","href":"https:\/\/api.w.org\/{rel}","templated":true}]}}